{"id":1543,"date":"2021-04-12T13:54:12","date_gmt":"2021-04-12T13:54:12","guid":{"rendered":"http:\/\/www.refineair.org\/?page_id=1543"},"modified":"2022-04-08T18:09:36","modified_gmt":"2022-04-08T16:09:36","slug":"ristorazione","status":"publish","type":"page","link":"https:\/\/www.refineair.it\/en\/fotocatalisi-e-applicazioni\/ristorazione\/","title":{"rendered":"Restaurants"},"content":{"rendered":"<div data-elementor-type=\"wp-page\" data-elementor-id=\"1543\" class=\"elementor elementor-1543\" data-elementor-post-type=\"page\">\n\t\t\t\t\t\t<section class=\"elementor-section elementor-top-section elementor-element elementor-element-f3258c1 elementor-section-boxed elementor-section-height-default elementor-section-height-default\" data-id=\"f3258c1\" data-element_type=\"section\">\n\t\t\t\t\t\t<div class=\"elementor-container elementor-column-gap-default\">\n\t\t\t\t\t<div class=\"elementor-column elementor-col-100 elementor-top-column elementor-element elementor-element-7ecc841\" data-id=\"7ecc841\" data-element_type=\"column\">\n\t\t\t<div class=\"elementor-widget-wrap elementor-element-populated\">\n\t\t\t\t\t\t<div class=\"elementor-element elementor-element-17c0c93 elementor-position-left elementor-vertical-align-middle elementor-widget elementor-widget-image-box\" data-id=\"17c0c93\" data-element_type=\"widget\" data-widget_type=\"image-box.default\">\n\t\t\t\t<div class=\"elementor-widget-container\">\n\t\t\t<div class=\"elementor-image-box-wrapper\"><figure class=\"elementor-image-box-img\"><img fetchpriority=\"high\" decoding=\"async\" width=\"1024\" height=\"576\" src=\"https:\/\/www.refineair.it\/wp-content\/uploads\/2021\/04\/cucina_ristorante.jpg\" class=\"attachment-full size-full wp-image-1454\" alt=\"\" srcset=\"https:\/\/www.refineair.it\/wp-content\/uploads\/2021\/04\/cucina_ristorante.jpg 1024w, https:\/\/www.refineair.it\/wp-content\/uploads\/2021\/04\/cucina_ristorante-300x169.jpg 300w, https:\/\/www.refineair.it\/wp-content\/uploads\/2021\/04\/cucina_ristorante-768x432.jpg 768w, https:\/\/www.refineair.it\/wp-content\/uploads\/2021\/04\/cucina_ristorante-18x10.jpg 18w\" sizes=\"(max-width: 1024px) 100vw, 1024px\" \/><\/figure><div class=\"elementor-image-box-content\"><h2 class=\"elementor-image-box-title\">Restaurants<\/h2><p class=\"elementor-image-box-description\">In the food sector, during the various food processing processes, it is essential to maintain optimal hygienic conditions to prevent possible microbial contamination.\n\nInsufficient sanitization of the environments and surfaces where foodstuffs are handled, together with inadequate conservation of the same, constitute conditions favourable to microbial proliferation and cause organoleptic changes in the food.\n\nRefineAir eliminates the microbial load and the volatile organic compounds (VOC), promotes and improves the shelf life of the product, ensuring a greater freshness and preserving its natural intrinsic qualities, and at the same time guarantees an extreme hygienic and sanitary safety.\n\nRefineAir is a method of sanitization that is safe for human health and the environment; in fact, it uses certified components and is a valid alternative to the traditional methods of sanitization with ozone and chemical disinfectants based on chlorine.<\/p><\/div><\/div>\t\t<\/div>\n\t\t\t\t<\/div>\n\t\t\t\t\t<\/div>\n\t\t<\/div>\n\t\t\t\t\t<\/div>\n\t\t<\/section>\n\t\t\t\t<section class=\"elementor-section elementor-top-section elementor-element elementor-element-de8881e elementor-section-boxed elementor-section-height-default elementor-section-height-default\" data-id=\"de8881e\" data-element_type=\"section\">\n\t\t\t\t\t\t<div class=\"elementor-container elementor-column-gap-default\">\n\t\t\t\t\t<div class=\"elementor-column elementor-col-100 elementor-top-column elementor-element elementor-element-cb27432\" data-id=\"cb27432\" data-element_type=\"column\">\n\t\t\t<div class=\"elementor-widget-wrap elementor-element-populated\">\n\t\t\t\t\t\t<section class=\"elementor-section elementor-inner-section elementor-element elementor-element-0f53426 elementor-section-boxed elementor-section-height-default elementor-section-height-default\" data-id=\"0f53426\" data-element_type=\"section\">\n\t\t\t\t\t\t<div class=\"elementor-container elementor-column-gap-default\">\n\t\t\t\t\t<div class=\"elementor-column elementor-col-50 elementor-inner-column elementor-element elementor-element-cabebaf\" data-id=\"cabebaf\" data-element_type=\"column\">\n\t\t\t<div class=\"elementor-widget-wrap elementor-element-populated\">\n\t\t\t\t\t\t<div class=\"elementor-element elementor-element-8e8f81f elementor-widget elementor-widget-heading\" data-id=\"8e8f81f\" data-element_type=\"widget\" data-widget_type=\"heading.default\">\n\t\t\t\t<div class=\"elementor-widget-container\">\n\t\t\t<h3 class=\"elementor-heading-title elementor-size-default\"><a href=\"https:\/\/www.refineair.it\/wp-content\/uploads\/2021\/04\/CNR-Report-di-prove-in-incubatore-con-sistema-CHIU-P-22-7-15.pdf\">ISPA CNR tests<\/a><\/h3>\t\t<\/div>\n\t\t\t\t<\/div>\n\t\t\t\t\t<\/div>\n\t\t<\/div>\n\t\t\t\t<div class=\"elementor-column elementor-col-50 elementor-inner-column elementor-element elementor-element-bdc3f4f\" data-id=\"bdc3f4f\" data-element_type=\"column\">\n\t\t\t<div class=\"elementor-widget-wrap elementor-element-populated\">\n\t\t\t\t\t\t<div class=\"elementor-element elementor-element-f761016 elementor-widget elementor-widget-heading\" data-id=\"f761016\" data-element_type=\"widget\" data-widget_type=\"heading.default\">\n\t\t\t\t<div class=\"elementor-widget-container\">\n\t\t\t<h3 class=\"elementor-heading-title elementor-size-default\">Recommended Devices<\/h3>\t\t<\/div>\n\t\t\t\t<\/div>\n\t\t\t\t<div class=\"elementor-element elementor-element-37d5601 elementor-widget elementor-widget-heading\" data-id=\"37d5601\" data-element_type=\"widget\" data-widget_type=\"heading.default\">\n\t\t\t\t<div class=\"elementor-widget-container\">\n\t\t\t<h3 class=\"elementor-heading-title elementor-size-default\"><a href=\"https:\/\/www.refineair.it\/wp-content\/uploads\/2021\/06\/visionv7_compressed.pdf\">Vision<\/a><\/h3>\t\t<\/div>\n\t\t\t\t<\/div>\n\t\t\t\t<div class=\"elementor-element elementor-element-e88bcba elementor-widget elementor-widget-image\" data-id=\"e88bcba\" data-element_type=\"widget\" data-widget_type=\"image.default\">\n\t\t\t\t<div class=\"elementor-widget-container\">\n\t\t\t\t\t\t\t\t\t\t\t\t\t\t<a href=\"https:\/\/www.refineair.it\/wp-content\/uploads\/2021\/06\/visionv7_compressed.pdf\">\n\t\t\t\t\t\t\t<img decoding=\"async\" width=\"300\" height=\"200\" src=\"https:\/\/www.refineair.it\/wp-content\/uploads\/2021\/08\/visionv5-small-scaled-300x200.jpg\" class=\"attachment-medium size-medium wp-image-2873\" alt=\"\" srcset=\"https:\/\/www.refineair.it\/wp-content\/uploads\/2021\/08\/visionv5-small-scaled-300x200.jpg 300w, https:\/\/www.refineair.it\/wp-content\/uploads\/2021\/08\/visionv5-small-scaled-1024x682.jpg 1024w, https:\/\/www.refineair.it\/wp-content\/uploads\/2021\/08\/visionv5-small-scaled-768x511.jpg 768w, https:\/\/www.refineair.it\/wp-content\/uploads\/2021\/08\/visionv5-small-scaled-1536x1022.jpg 1536w, https:\/\/www.refineair.it\/wp-content\/uploads\/2021\/08\/visionv5-small-scaled-18x12.jpg 18w, https:\/\/www.refineair.it\/wp-content\/uploads\/2021\/08\/visionv5-small-scaled.jpg 1980w\" sizes=\"(max-width: 300px) 100vw, 300px\" \/>\t\t\t\t\t\t\t\t<\/a>\n\t\t\t\t\t\t\t\t\t\t\t\t\t<\/div>\n\t\t\t\t<\/div>\n\t\t\t\t<div class=\"elementor-element elementor-element-539211d elementor-widget elementor-widget-heading\" data-id=\"539211d\" data-element_type=\"widget\" data-widget_type=\"heading.default\">\n\t\t\t\t<div class=\"elementor-widget-container\">\n\t\t\t<h3 class=\"elementor-heading-title elementor-size-default\"><a href=\"https:\/\/www.refineair.it\/wp-content\/uploads\/2021\/06\/LITTLE-CAMP-v7_compressed.pdf\" target=\"_blank\">Little Camp<\/a><\/h3>\t\t<\/div>\n\t\t\t\t<\/div>\n\t\t\t\t<div class=\"elementor-element elementor-element-20df5f1 elementor-widget elementor-widget-image\" data-id=\"20df5f1\" data-element_type=\"widget\" data-widget_type=\"image.default\">\n\t\t\t\t<div class=\"elementor-widget-container\">\n\t\t\t\t\t\t\t\t\t\t\t\t\t\t<a href=\"https:\/\/www.refineair.it\/wp-content\/uploads\/2021\/06\/LITTLE-CAMP-v7_compressed.pdf\">\n\t\t\t\t\t\t\t<img decoding=\"async\" width=\"300\" height=\"164\" src=\"https:\/\/www.refineair.it\/wp-content\/uploads\/2021\/04\/Little-camp-2020v2-300x164.png\" class=\"attachment-medium size-medium wp-image-1874\" alt=\"\" srcset=\"https:\/\/www.refineair.it\/wp-content\/uploads\/2021\/04\/Little-camp-2020v2-300x164.png 300w, https:\/\/www.refineair.it\/wp-content\/uploads\/2021\/04\/Little-camp-2020v2-1024x560.png 1024w, https:\/\/www.refineair.it\/wp-content\/uploads\/2021\/04\/Little-camp-2020v2-768x420.png 768w, https:\/\/www.refineair.it\/wp-content\/uploads\/2021\/04\/Little-camp-2020v2-1536x839.png 1536w, https:\/\/www.refineair.it\/wp-content\/uploads\/2021\/04\/Little-camp-2020v2-18x10.png 18w, https:\/\/www.refineair.it\/wp-content\/uploads\/2021\/04\/Little-camp-2020v2.png 1980w\" sizes=\"(max-width: 300px) 100vw, 300px\" \/>\t\t\t\t\t\t\t\t<\/a>\n\t\t\t\t\t\t\t\t\t\t\t\t\t<\/div>\n\t\t\t\t<\/div>\n\t\t\t\t\t<\/div>\n\t\t<\/div>\n\t\t\t\t\t<\/div>\n\t\t<\/section>\n\t\t\t\t\t<\/div>\n\t\t<\/div>\n\t\t\t\t\t<\/div>\n\t\t<\/section>\n\t\t\t\t<\/div>","protected":false},"excerpt":{"rendered":"<p>Ristorazione Nelle cucine industriali, come quelle di ristoranti, mense, bar, ecc., dove l\u2019attivit\u00e0 di ristorazione \u00e8 svolta quotidianamente, \u00e8 necessario garantire una sanificazione continua dell\u2019ambiente e delle superfici onde evitare eventuali contaminazioni microbiche degli alimenti. Nello specifico \u00e8 necessario assicurare un\u2019adeguata igiene e pulizia delle cappe da cucina, dei frigoriferi, delle celle frigo, dei piani [&hellip;]<\/p>","protected":false},"author":1,"featured_media":0,"parent":1533,"menu_order":0,"comment_status":"closed","ping_status":"closed","template":"","meta":{"site-sidebar-layout":"no-sidebar","site-content-layout":"page-builder","ast-site-content-layout":"","site-content-style":"default","site-sidebar-style":"default","ast-global-header-display":"","ast-banner-title-visibility":"","ast-main-header-display":"","ast-hfb-above-header-display":"","ast-hfb-below-header-display":"","ast-hfb-mobile-header-display":"","site-post-title":"disabled","ast-breadcrumbs-content":"","ast-featured-img":"disabled","footer-sml-layout":"","theme-transparent-header-meta":"default","adv-header-id-meta":"","stick-header-meta":"","header-above-stick-meta":"","header-main-stick-meta":"","header-below-stick-meta":"","astra-migrate-meta-layouts":"default","ast-page-background-enabled":"default","ast-page-background-meta":{"desktop":{"background-color":"","background-image":"","background-repeat":"repeat","background-position":"center center","background-size":"auto","background-attachment":"scroll","background-type":"","background-media":"","overlay-type":"","overlay-color":"","overlay-gradient":""},"tablet":{"background-color":"","background-image":"","background-repeat":"repeat","background-position":"center center","background-size":"auto","background-attachment":"scroll","background-type":"","background-media":"","overlay-type":"","overlay-color":"","overlay-gradient":""},"mobile":{"background-color":"","background-image":"","background-repeat":"repeat","background-position":"center center","background-size":"auto","background-attachment":"scroll","background-type":"","background-media":"","overlay-type":"","overlay-color":"","overlay-gradient":""}},"ast-content-background-meta":{"desktop":{"background-color":"var(--ast-global-color-5)","background-image":"","background-repeat":"repeat","background-position":"center center","background-size":"auto","background-attachment":"scroll","background-type":"","background-media":"","overlay-type":"","overlay-color":"","overlay-gradient":""},"tablet":{"background-color":"var(--ast-global-color-5)","background-image":"","background-repeat":"repeat","background-position":"center center","background-size":"auto","background-attachment":"scroll","background-type":"","background-media":"","overlay-type":"","overlay-color":"","overlay-gradient":""},"mobile":{"background-color":"var(--ast-global-color-5)","background-image":"","background-repeat":"repeat","background-position":"center center","background-size":"auto","background-attachment":"scroll","background-type":"","background-media":"","overlay-type":"","overlay-color":"","overlay-gradient":""}},"footnotes":""},"class_list":["post-1543","page","type-page","status-publish","hentry"],"yoast_head":"<!-- This site is optimized with the Yoast SEO plugin v27.5 - https:\/\/yoast.com\/product\/yoast-seo-wordpress\/ -->\n<title>Ristorazione - RefineAir - Air Is Life<\/title>\n<meta name=\"description\" content=\"RefineAir degrada elementi nocivi rilasciati durante la cottura dei cibi, migliorando anche la shelf life degli alimenti\" \/>\n<meta name=\"robots\" content=\"index, follow, max-snippet:-1, max-image-preview:large, max-video-preview:-1\" \/>\n<link rel=\"canonical\" href=\"https:\/\/www.refineair.it\/en\/fotocatalisi-e-applicazioni\/ristorazione\/\" \/>\n<meta property=\"og:locale\" content=\"en_US\" \/>\n<meta property=\"og:type\" content=\"article\" \/>\n<meta property=\"og:title\" content=\"Ristorazione - RefineAir - Air Is Life\" \/>\n<meta property=\"og:description\" content=\"RefineAir degrada elementi nocivi rilasciati durante la cottura dei cibi, migliorando anche la shelf life degli alimenti\" \/>\n<meta property=\"og:url\" content=\"https:\/\/www.refineair.it\/en\/fotocatalisi-e-applicazioni\/ristorazione\/\" \/>\n<meta property=\"og:site_name\" content=\"RefineAir - Air Is Life\" \/>\n<meta property=\"article:publisher\" content=\"https:\/\/www.facebook.com\/refineair\" \/>\n<meta property=\"article:modified_time\" content=\"2022-04-08T16:09:36+00:00\" \/>\n<meta property=\"og:image\" content=\"https:\/\/www.refineair.it\/wp-content\/uploads\/2021\/04\/cucina_ristorante.jpg\" \/>\n<meta name=\"twitter:card\" content=\"summary_large_image\" \/>\n<meta name=\"twitter:label1\" content=\"Est. reading time\" \/>\n\t<meta name=\"twitter:data1\" content=\"2 minutes\" \/>\n<script type=\"application\/ld+json\" class=\"yoast-schema-graph\">{\"@context\":\"https:\\\/\\\/schema.org\",\"@graph\":[{\"@type\":\"WebPage\",\"@id\":\"https:\\\/\\\/www.refineair.it\\\/fotocatalisi-e-applicazioni\\\/ristorazione\\\/\",\"url\":\"https:\\\/\\\/www.refineair.it\\\/fotocatalisi-e-applicazioni\\\/ristorazione\\\/\",\"name\":\"Ristorazione - RefineAir - Air Is Life\",\"isPartOf\":{\"@id\":\"https:\\\/\\\/www.refineair.it\\\/#website\"},\"primaryImageOfPage\":{\"@id\":\"https:\\\/\\\/www.refineair.it\\\/fotocatalisi-e-applicazioni\\\/ristorazione\\\/#primaryimage\"},\"image\":{\"@id\":\"https:\\\/\\\/www.refineair.it\\\/fotocatalisi-e-applicazioni\\\/ristorazione\\\/#primaryimage\"},\"thumbnailUrl\":\"https:\\\/\\\/www.refineair.it\\\/wp-content\\\/uploads\\\/2021\\\/04\\\/cucina_ristorante.jpg\",\"datePublished\":\"2021-04-12T13:54:12+00:00\",\"dateModified\":\"2022-04-08T16:09:36+00:00\",\"description\":\"RefineAir degrada elementi nocivi rilasciati durante la cottura dei cibi, migliorando anche la shelf life degli alimenti\",\"breadcrumb\":{\"@id\":\"https:\\\/\\\/www.refineair.it\\\/fotocatalisi-e-applicazioni\\\/ristorazione\\\/#breadcrumb\"},\"inLanguage\":\"en-US\",\"potentialAction\":[{\"@type\":\"ReadAction\",\"target\":[\"https:\\\/\\\/www.refineair.it\\\/fotocatalisi-e-applicazioni\\\/ristorazione\\\/\"]}]},{\"@type\":\"ImageObject\",\"inLanguage\":\"en-US\",\"@id\":\"https:\\\/\\\/www.refineair.it\\\/fotocatalisi-e-applicazioni\\\/ristorazione\\\/#primaryimage\",\"url\":\"https:\\\/\\\/www.refineair.it\\\/wp-content\\\/uploads\\\/2021\\\/04\\\/cucina_ristorante.jpg\",\"contentUrl\":\"https:\\\/\\\/www.refineair.it\\\/wp-content\\\/uploads\\\/2021\\\/04\\\/cucina_ristorante.jpg\"},{\"@type\":\"BreadcrumbList\",\"@id\":\"https:\\\/\\\/www.refineair.it\\\/fotocatalisi-e-applicazioni\\\/ristorazione\\\/#breadcrumb\",\"itemListElement\":[{\"@type\":\"ListItem\",\"position\":1,\"name\":\"Home\",\"item\":\"https:\\\/\\\/www.refineair.it\\\/\"},{\"@type\":\"ListItem\",\"position\":2,\"name\":\"La Fotocatalisi e La Ionizzazione Bipolare\",\"item\":\"https:\\\/\\\/www.refineair.it\\\/fotocatalisi-e-applicazioni\\\/\"},{\"@type\":\"ListItem\",\"position\":3,\"name\":\"Ristorazione\"}]},{\"@type\":\"WebSite\",\"@id\":\"https:\\\/\\\/www.refineair.it\\\/#website\",\"url\":\"https:\\\/\\\/www.refineair.it\\\/\",\"name\":\"RefineAir - Air Is Life\",\"description\":\"Air is life\",\"publisher\":{\"@id\":\"https:\\\/\\\/www.refineair.it\\\/#organization\"},\"potentialAction\":[{\"@type\":\"SearchAction\",\"target\":{\"@type\":\"EntryPoint\",\"urlTemplate\":\"https:\\\/\\\/www.refineair.it\\\/?s={search_term_string}\"},\"query-input\":{\"@type\":\"PropertyValueSpecification\",\"valueRequired\":true,\"valueName\":\"search_term_string\"}}],\"inLanguage\":\"en-US\"},{\"@type\":\"Organization\",\"@id\":\"https:\\\/\\\/www.refineair.it\\\/#organization\",\"name\":\"RefineAir\",\"url\":\"https:\\\/\\\/www.refineair.it\\\/\",\"logo\":{\"@type\":\"ImageObject\",\"inLanguage\":\"en-US\",\"@id\":\"https:\\\/\\\/www.refineair.it\\\/#\\\/schema\\\/logo\\\/image\\\/\",\"url\":\"https:\\\/\\\/www.refineair.it\\\/wp-content\\\/uploads\\\/2021\\\/09\\\/RefineAir-logo-3.jpg\",\"contentUrl\":\"https:\\\/\\\/www.refineair.it\\\/wp-content\\\/uploads\\\/2021\\\/09\\\/RefineAir-logo-3.jpg\",\"width\":722,\"height\":543,\"caption\":\"RefineAir\"},\"image\":{\"@id\":\"https:\\\/\\\/www.refineair.it\\\/#\\\/schema\\\/logo\\\/image\\\/\"},\"sameAs\":[\"https:\\\/\\\/www.facebook.com\\\/refineair\",\"https:\\\/\\\/www.instagram.com\\\/refineair\",\"https:\\\/\\\/www.linkedin.com\\\/company\\\/refineair\",\"https:\\\/\\\/www.youtube.com\\\/channel\\\/UCBEktQBlw2IcY5zAjRzS_dw\"]}]}<\/script>\n<!-- \/ Yoast SEO plugin. -->","yoast_head_json":{"title":"Ristorazione - RefineAir - Air Is Life","description":"RefineAir degrada elementi nocivi rilasciati durante la cottura dei cibi, migliorando anche la shelf life degli alimenti","robots":{"index":"index","follow":"follow","max-snippet":"max-snippet:-1","max-image-preview":"max-image-preview:large","max-video-preview":"max-video-preview:-1"},"canonical":"https:\/\/www.refineair.it\/en\/fotocatalisi-e-applicazioni\/ristorazione\/","og_locale":"en_US","og_type":"article","og_title":"Ristorazione - RefineAir - Air Is Life","og_description":"RefineAir degrada elementi nocivi rilasciati durante la cottura dei cibi, migliorando anche la shelf life degli alimenti","og_url":"https:\/\/www.refineair.it\/en\/fotocatalisi-e-applicazioni\/ristorazione\/","og_site_name":"RefineAir - Air Is Life","article_publisher":"https:\/\/www.facebook.com\/refineair","article_modified_time":"2022-04-08T16:09:36+00:00","og_image":[{"url":"https:\/\/www.refineair.it\/wp-content\/uploads\/2021\/04\/cucina_ristorante.jpg","type":"","width":"","height":""}],"twitter_card":"summary_large_image","twitter_misc":{"Est. reading time":"2 minutes"},"schema":{"@context":"https:\/\/schema.org","@graph":[{"@type":"WebPage","@id":"https:\/\/www.refineair.it\/fotocatalisi-e-applicazioni\/ristorazione\/","url":"https:\/\/www.refineair.it\/fotocatalisi-e-applicazioni\/ristorazione\/","name":"Ristorazione - RefineAir - Air Is Life","isPartOf":{"@id":"https:\/\/www.refineair.it\/#website"},"primaryImageOfPage":{"@id":"https:\/\/www.refineair.it\/fotocatalisi-e-applicazioni\/ristorazione\/#primaryimage"},"image":{"@id":"https:\/\/www.refineair.it\/fotocatalisi-e-applicazioni\/ristorazione\/#primaryimage"},"thumbnailUrl":"https:\/\/www.refineair.it\/wp-content\/uploads\/2021\/04\/cucina_ristorante.jpg","datePublished":"2021-04-12T13:54:12+00:00","dateModified":"2022-04-08T16:09:36+00:00","description":"RefineAir degrada elementi nocivi rilasciati durante la cottura dei cibi, migliorando anche la shelf life degli alimenti","breadcrumb":{"@id":"https:\/\/www.refineair.it\/fotocatalisi-e-applicazioni\/ristorazione\/#breadcrumb"},"inLanguage":"en-US","potentialAction":[{"@type":"ReadAction","target":["https:\/\/www.refineair.it\/fotocatalisi-e-applicazioni\/ristorazione\/"]}]},{"@type":"ImageObject","inLanguage":"en-US","@id":"https:\/\/www.refineair.it\/fotocatalisi-e-applicazioni\/ristorazione\/#primaryimage","url":"https:\/\/www.refineair.it\/wp-content\/uploads\/2021\/04\/cucina_ristorante.jpg","contentUrl":"https:\/\/www.refineair.it\/wp-content\/uploads\/2021\/04\/cucina_ristorante.jpg"},{"@type":"BreadcrumbList","@id":"https:\/\/www.refineair.it\/fotocatalisi-e-applicazioni\/ristorazione\/#breadcrumb","itemListElement":[{"@type":"ListItem","position":1,"name":"Home","item":"https:\/\/www.refineair.it\/"},{"@type":"ListItem","position":2,"name":"La Fotocatalisi e La Ionizzazione Bipolare","item":"https:\/\/www.refineair.it\/fotocatalisi-e-applicazioni\/"},{"@type":"ListItem","position":3,"name":"Ristorazione"}]},{"@type":"WebSite","@id":"https:\/\/www.refineair.it\/#website","url":"https:\/\/www.refineair.it\/","name":"RefineAir - Air Is Life","description":"Air is life","publisher":{"@id":"https:\/\/www.refineair.it\/#organization"},"potentialAction":[{"@type":"SearchAction","target":{"@type":"EntryPoint","urlTemplate":"https:\/\/www.refineair.it\/?s={search_term_string}"},"query-input":{"@type":"PropertyValueSpecification","valueRequired":true,"valueName":"search_term_string"}}],"inLanguage":"en-US"},{"@type":"Organization","@id":"https:\/\/www.refineair.it\/#organization","name":"RefineAir","url":"https:\/\/www.refineair.it\/","logo":{"@type":"ImageObject","inLanguage":"en-US","@id":"https:\/\/www.refineair.it\/#\/schema\/logo\/image\/","url":"https:\/\/www.refineair.it\/wp-content\/uploads\/2021\/09\/RefineAir-logo-3.jpg","contentUrl":"https:\/\/www.refineair.it\/wp-content\/uploads\/2021\/09\/RefineAir-logo-3.jpg","width":722,"height":543,"caption":"RefineAir"},"image":{"@id":"https:\/\/www.refineair.it\/#\/schema\/logo\/image\/"},"sameAs":["https:\/\/www.facebook.com\/refineair","https:\/\/www.instagram.com\/refineair","https:\/\/www.linkedin.com\/company\/refineair","https:\/\/www.youtube.com\/channel\/UCBEktQBlw2IcY5zAjRzS_dw"]}]}},"_links":{"self":[{"href":"https:\/\/www.refineair.it\/en\/wp-json\/wp\/v2\/pages\/1543","targetHints":{"allow":["GET"]}}],"collection":[{"href":"https:\/\/www.refineair.it\/en\/wp-json\/wp\/v2\/pages"}],"about":[{"href":"https:\/\/www.refineair.it\/en\/wp-json\/wp\/v2\/types\/page"}],"author":[{"embeddable":true,"href":"https:\/\/www.refineair.it\/en\/wp-json\/wp\/v2\/users\/1"}],"replies":[{"embeddable":true,"href":"https:\/\/www.refineair.it\/en\/wp-json\/wp\/v2\/comments?post=1543"}],"version-history":[{"count":0,"href":"https:\/\/www.refineair.it\/en\/wp-json\/wp\/v2\/pages\/1543\/revisions"}],"up":[{"embeddable":true,"href":"https:\/\/www.refineair.it\/en\/wp-json\/wp\/v2\/pages\/1533"}],"wp:attachment":[{"href":"https:\/\/www.refineair.it\/en\/wp-json\/wp\/v2\/media?parent=1543"}],"curies":[{"name":"wp","href":"https:\/\/api.w.org\/{rel}","templated":true}]}}