{"id":1553,"date":"2021-04-12T13:56:27","date_gmt":"2021-04-12T13:56:27","guid":{"rendered":"http:\/\/www.refineair.org\/?page_id=1553"},"modified":"2023-03-16T17:00:19","modified_gmt":"2023-03-16T15:00:19","slug":"luoghi-di-lavoro","status":"publish","type":"page","link":"https:\/\/www.refineair.it\/en\/fotocatalisi-e-applicazioni\/luoghi-di-lavoro\/","title":{"rendered":"Sicurezza sul lavoro"},"content":{"rendered":"<div data-elementor-type=\"wp-page\" data-elementor-id=\"1553\" class=\"elementor elementor-1553\" data-elementor-post-type=\"page\">\n\t\t\t\t\t\t<section class=\"elementor-section elementor-top-section elementor-element elementor-element-72ec098 elementor-section-boxed elementor-section-height-default elementor-section-height-default\" data-id=\"72ec098\" data-element_type=\"section\">\n\t\t\t\t\t\t<div class=\"elementor-container elementor-column-gap-default\">\n\t\t\t\t\t<div class=\"elementor-column elementor-col-100 elementor-top-column elementor-element elementor-element-bb63e7c\" data-id=\"bb63e7c\" data-element_type=\"column\">\n\t\t\t<div class=\"elementor-widget-wrap elementor-element-populated\">\n\t\t\t\t\t\t<div class=\"elementor-element elementor-element-0700819 elementor-position-left elementor-vertical-align-bottom elementor-widget elementor-widget-image-box\" data-id=\"0700819\" data-element_type=\"widget\" data-widget_type=\"image-box.default\">\n\t\t\t\t<div class=\"elementor-widget-container\">\n\t\t\t<div class=\"elementor-image-box-wrapper\"><figure class=\"elementor-image-box-img\"><img fetchpriority=\"high\" decoding=\"async\" width=\"1920\" height=\"1357\" src=\"https:\/\/www.refineair.it\/wp-content\/uploads\/2023\/03\/luogo-di-lavoro.jpg\" class=\"attachment-full size-full wp-image-5699\" alt=\"\" srcset=\"https:\/\/www.refineair.it\/wp-content\/uploads\/2023\/03\/luogo-di-lavoro.jpg 1920w, https:\/\/www.refineair.it\/wp-content\/uploads\/2023\/03\/luogo-di-lavoro-600x424.jpg 600w, https:\/\/www.refineair.it\/wp-content\/uploads\/2023\/03\/luogo-di-lavoro-300x212.jpg 300w, https:\/\/www.refineair.it\/wp-content\/uploads\/2023\/03\/luogo-di-lavoro-1024x724.jpg 1024w, https:\/\/www.refineair.it\/wp-content\/uploads\/2023\/03\/luogo-di-lavoro-768x543.jpg 768w, https:\/\/www.refineair.it\/wp-content\/uploads\/2023\/03\/luogo-di-lavoro-1536x1086.jpg 1536w, https:\/\/www.refineair.it\/wp-content\/uploads\/2023\/03\/luogo-di-lavoro-18x12.jpg 18w\" sizes=\"(max-width: 1920px) 100vw, 1920px\" \/><\/figure><div class=\"elementor-image-box-content\"><h2 class=\"elementor-image-box-title\">Workplaces security<\/h2><p class=\"elementor-image-box-description\"><p><strong>La salubrit\u00e0 del posto di lavoro \u00e8 un diritto per il lavoratore ed un dovere per il datore di lavoro, la disinfezione degli ambienti \u00e8 una delle attivit\u00e0 principali per garantirla.<\/strong><\/p>\n\nAmbienti curati e purificati trasmettono sicurezza e piacevolezza, quindi influiscono sulla produttivit\u00e0 dei dipendenti e fanno diminuire le assenze per malattie o visite mediche.\n\nInoltre, spazi puliti e disinfettati sono un ottimo biglietto da visita quando si accolgono clienti e partner commerciali, i quali saranno pi\u00f9 propensi ad acquistare o a stringere accordi.\n\n<p>Nei luoghi di lavoro qualsiasi sedimento o sporcizia che potrebbe comportare un pericolo immediato per la salute dei lavoratori dovuto all\u2019inquinamento dell\u2019aria respirata deve essere eliminato rapidamente.<\/p>\n<p><strong>La fotocatalisi utilizzata da RefineAir \u00e8 in grado di eliminare virus, batteri, muffe, lieviti, polveri sottili e VOC in ambiente e sulle superfici.<\/p>\n<p>I dispositivi RefineAir sono in grado di degradare il COVID-19, riducendo la diffusione del virus pandemico e aumentando di gran lunga la sicurezza sui luoghi di lavoro.<\/p>\n<a href=\"https:\/\/www.refineair.it\/en\/certificati-e-test\/test-di-laboratorio\/\"> Visualizza tutti i test svolti <\/a><\/strong><\/p><\/div><\/div>\t\t<\/div>\n\t\t\t\t<\/div>\n\t\t\t\t\t<\/div>\n\t\t<\/div>\n\t\t\t\t\t<\/div>\n\t\t<\/section>\n\t\t\t\t<\/div>","protected":false},"excerpt":{"rendered":"<p>Sicurezza sui luoghi di lavoro La salubrit\u00e0 del posto di lavoro \u00e8 un diritto per il lavoratore ed un dovere per il datore di lavoro, la disinfezione degli ambienti \u00e8 una delle attivit\u00e0 principali per garantirla. Ambienti curati e purificati trasmettono sicurezza e piacevolezza, quindi influiscono sulla produttivit\u00e0 dei dipendenti e fanno diminuire le assenze [&hellip;]<\/p>","protected":false},"author":1,"featured_media":0,"parent":1533,"menu_order":0,"comment_status":"closed","ping_status":"closed","template":"","meta":{"site-sidebar-layout":"no-sidebar","site-content-layout":"page-builder","ast-site-content-layout":"","site-content-style":"default","site-sidebar-style":"default","ast-global-header-display":"","ast-banner-title-visibility":"","ast-main-header-display":"","ast-hfb-above-header-display":"","ast-hfb-below-header-display":"","ast-hfb-mobile-header-display":"","site-post-title":"disabled","ast-breadcrumbs-content":"","ast-featured-img":"disabled","footer-sml-layout":"","theme-transparent-header-meta":"default","adv-header-id-meta":"","stick-header-meta":"","header-above-stick-meta":"","header-main-stick-meta":"","header-below-stick-meta":"","astra-migrate-meta-layouts":"default","ast-page-background-enabled":"default","ast-page-background-meta":{"desktop":{"background-color":"","background-image":"","background-repeat":"repeat","background-position":"center center","background-size":"auto","background-attachment":"scroll","background-type":"","background-media":"","overlay-type":"","overlay-color":"","overlay-gradient":""},"tablet":{"background-color":"","background-image":"","background-repeat":"repeat","background-position":"center center","background-size":"auto","background-attachment":"scroll","background-type":"","background-media":"","overlay-type":"","overlay-color":"","overlay-gradient":""},"mobile":{"background-color":"","background-image":"","background-repeat":"repeat","background-position":"center center","background-size":"auto","background-attachment":"scroll","background-type":"","background-media":"","overlay-type":"","overlay-color":"","overlay-gradient":""}},"ast-content-background-meta":{"desktop":{"background-color":"var(--ast-global-color-5)","background-image":"","background-repeat":"repeat","background-position":"center center","background-size":"auto","background-attachment":"scroll","background-type":"","background-media":"","overlay-type":"","overlay-color":"","overlay-gradient":""},"tablet":{"background-color":"var(--ast-global-color-5)","background-image":"","background-repeat":"repeat","background-position":"center center","background-size":"auto","background-attachment":"scroll","background-type":"","background-media":"","overlay-type":"","overlay-color":"","overlay-gradient":""},"mobile":{"background-color":"var(--ast-global-color-5)","background-image":"","background-repeat":"repeat","background-position":"center center","background-size":"auto","background-attachment":"scroll","background-type":"","background-media":"","overlay-type":"","overlay-color":"","overlay-gradient":""}},"footnotes":""},"class_list":["post-1553","page","type-page","status-publish","hentry"],"yoast_head":"<!-- This site is optimized with the Yoast SEO plugin v27.4 - https:\/\/yoast.com\/product\/yoast-seo-wordpress\/ -->\n<title>Sicurezza sul lavoro - RefineAir - Air Is Life<\/title>\n<meta name=\"description\" content=\"RefineAir riduce la trasmissibilit\u00e0 di virus, migliorando la sicurezza nei luoghi di lavoro: un dipendente pi\u00f9 felice \u00e8 pi\u00f9 produttivo!\" \/>\n<meta name=\"robots\" content=\"index, follow, max-snippet:-1, max-image-preview:large, max-video-preview:-1\" \/>\n<link rel=\"canonical\" href=\"https:\/\/www.refineair.it\/en\/fotocatalisi-e-applicazioni\/luoghi-di-lavoro\/\" \/>\n<meta property=\"og:locale\" content=\"en_US\" \/>\n<meta property=\"og:type\" content=\"article\" \/>\n<meta property=\"og:title\" content=\"Sicurezza sul lavoro - RefineAir - Air Is Life\" \/>\n<meta property=\"og:description\" content=\"RefineAir riduce la trasmissibilit\u00e0 di virus, migliorando la sicurezza nei luoghi di lavoro: un dipendente pi\u00f9 felice \u00e8 pi\u00f9 produttivo!\" \/>\n<meta property=\"og:url\" content=\"https:\/\/www.refineair.it\/en\/fotocatalisi-e-applicazioni\/luoghi-di-lavoro\/\" \/>\n<meta property=\"og:site_name\" content=\"RefineAir - Air Is Life\" \/>\n<meta property=\"article:publisher\" content=\"https:\/\/www.facebook.com\/refineair\" \/>\n<meta property=\"article:modified_time\" content=\"2023-03-16T15:00:19+00:00\" \/>\n<meta property=\"og:image\" content=\"https:\/\/www.refineair.it\/wp-content\/uploads\/2023\/03\/luogo-di-lavoro.jpg\" \/>\n<meta name=\"twitter:card\" content=\"summary_large_image\" \/>\n<meta name=\"twitter:label1\" content=\"Est. reading time\" \/>\n\t<meta name=\"twitter:data1\" content=\"1 minute\" \/>\n<script type=\"application\/ld+json\" class=\"yoast-schema-graph\">{\"@context\":\"https:\\\/\\\/schema.org\",\"@graph\":[{\"@type\":\"WebPage\",\"@id\":\"https:\\\/\\\/www.refineair.it\\\/fotocatalisi-e-applicazioni\\\/luoghi-di-lavoro\\\/\",\"url\":\"https:\\\/\\\/www.refineair.it\\\/fotocatalisi-e-applicazioni\\\/luoghi-di-lavoro\\\/\",\"name\":\"Sicurezza sul lavoro - RefineAir - Air Is Life\",\"isPartOf\":{\"@id\":\"https:\\\/\\\/www.refineair.it\\\/#website\"},\"primaryImageOfPage\":{\"@id\":\"https:\\\/\\\/www.refineair.it\\\/fotocatalisi-e-applicazioni\\\/luoghi-di-lavoro\\\/#primaryimage\"},\"image\":{\"@id\":\"https:\\\/\\\/www.refineair.it\\\/fotocatalisi-e-applicazioni\\\/luoghi-di-lavoro\\\/#primaryimage\"},\"thumbnailUrl\":\"https:\\\/\\\/www.refineair.it\\\/wp-content\\\/uploads\\\/2023\\\/03\\\/luogo-di-lavoro.jpg\",\"datePublished\":\"2021-04-12T13:56:27+00:00\",\"dateModified\":\"2023-03-16T15:00:19+00:00\",\"description\":\"RefineAir riduce la trasmissibilit\u00e0 di virus, migliorando la sicurezza nei luoghi di lavoro: un dipendente pi\u00f9 felice \u00e8 pi\u00f9 produttivo!\",\"breadcrumb\":{\"@id\":\"https:\\\/\\\/www.refineair.it\\\/fotocatalisi-e-applicazioni\\\/luoghi-di-lavoro\\\/#breadcrumb\"},\"inLanguage\":\"en-US\",\"potentialAction\":[{\"@type\":\"ReadAction\",\"target\":[\"https:\\\/\\\/www.refineair.it\\\/fotocatalisi-e-applicazioni\\\/luoghi-di-lavoro\\\/\"]}]},{\"@type\":\"ImageObject\",\"inLanguage\":\"en-US\",\"@id\":\"https:\\\/\\\/www.refineair.it\\\/fotocatalisi-e-applicazioni\\\/luoghi-di-lavoro\\\/#primaryimage\",\"url\":\"https:\\\/\\\/www.refineair.it\\\/wp-content\\\/uploads\\\/2023\\\/03\\\/luogo-di-lavoro.jpg\",\"contentUrl\":\"https:\\\/\\\/www.refineair.it\\\/wp-content\\\/uploads\\\/2023\\\/03\\\/luogo-di-lavoro.jpg\"},{\"@type\":\"BreadcrumbList\",\"@id\":\"https:\\\/\\\/www.refineair.it\\\/fotocatalisi-e-applicazioni\\\/luoghi-di-lavoro\\\/#breadcrumb\",\"itemListElement\":[{\"@type\":\"ListItem\",\"position\":1,\"name\":\"Home\",\"item\":\"https:\\\/\\\/www.refineair.it\\\/\"},{\"@type\":\"ListItem\",\"position\":2,\"name\":\"La Fotocatalisi e La Ionizzazione Bipolare\",\"item\":\"https:\\\/\\\/www.refineair.it\\\/fotocatalisi-e-applicazioni\\\/\"},{\"@type\":\"ListItem\",\"position\":3,\"name\":\"Sicurezza sul lavoro\"}]},{\"@type\":\"WebSite\",\"@id\":\"https:\\\/\\\/www.refineair.it\\\/#website\",\"url\":\"https:\\\/\\\/www.refineair.it\\\/\",\"name\":\"RefineAir - Air Is Life\",\"description\":\"Air is life\",\"publisher\":{\"@id\":\"https:\\\/\\\/www.refineair.it\\\/#organization\"},\"potentialAction\":[{\"@type\":\"SearchAction\",\"target\":{\"@type\":\"EntryPoint\",\"urlTemplate\":\"https:\\\/\\\/www.refineair.it\\\/?s={search_term_string}\"},\"query-input\":{\"@type\":\"PropertyValueSpecification\",\"valueRequired\":true,\"valueName\":\"search_term_string\"}}],\"inLanguage\":\"en-US\"},{\"@type\":\"Organization\",\"@id\":\"https:\\\/\\\/www.refineair.it\\\/#organization\",\"name\":\"RefineAir\",\"url\":\"https:\\\/\\\/www.refineair.it\\\/\",\"logo\":{\"@type\":\"ImageObject\",\"inLanguage\":\"en-US\",\"@id\":\"https:\\\/\\\/www.refineair.it\\\/#\\\/schema\\\/logo\\\/image\\\/\",\"url\":\"https:\\\/\\\/www.refineair.it\\\/wp-content\\\/uploads\\\/2021\\\/09\\\/RefineAir-logo-3.jpg\",\"contentUrl\":\"https:\\\/\\\/www.refineair.it\\\/wp-content\\\/uploads\\\/2021\\\/09\\\/RefineAir-logo-3.jpg\",\"width\":722,\"height\":543,\"caption\":\"RefineAir\"},\"image\":{\"@id\":\"https:\\\/\\\/www.refineair.it\\\/#\\\/schema\\\/logo\\\/image\\\/\"},\"sameAs\":[\"https:\\\/\\\/www.facebook.com\\\/refineair\",\"https:\\\/\\\/www.instagram.com\\\/refineair\",\"https:\\\/\\\/www.linkedin.com\\\/company\\\/refineair\",\"https:\\\/\\\/www.youtube.com\\\/channel\\\/UCBEktQBlw2IcY5zAjRzS_dw\"]}]}<\/script>\n<!-- \/ Yoast SEO plugin. -->","yoast_head_json":{"title":"Sicurezza sul lavoro - RefineAir - Air Is Life","description":"RefineAir riduce la trasmissibilit\u00e0 di virus, migliorando la sicurezza nei luoghi di lavoro: un dipendente pi\u00f9 felice \u00e8 pi\u00f9 produttivo!","robots":{"index":"index","follow":"follow","max-snippet":"max-snippet:-1","max-image-preview":"max-image-preview:large","max-video-preview":"max-video-preview:-1"},"canonical":"https:\/\/www.refineair.it\/en\/fotocatalisi-e-applicazioni\/luoghi-di-lavoro\/","og_locale":"en_US","og_type":"article","og_title":"Sicurezza sul lavoro - RefineAir - Air Is Life","og_description":"RefineAir riduce la trasmissibilit\u00e0 di virus, migliorando la sicurezza nei luoghi di lavoro: un dipendente pi\u00f9 felice \u00e8 pi\u00f9 produttivo!","og_url":"https:\/\/www.refineair.it\/en\/fotocatalisi-e-applicazioni\/luoghi-di-lavoro\/","og_site_name":"RefineAir - Air Is Life","article_publisher":"https:\/\/www.facebook.com\/refineair","article_modified_time":"2023-03-16T15:00:19+00:00","og_image":[{"url":"https:\/\/www.refineair.it\/wp-content\/uploads\/2023\/03\/luogo-di-lavoro.jpg","type":"","width":"","height":""}],"twitter_card":"summary_large_image","twitter_misc":{"Est. reading time":"1 minute"},"schema":{"@context":"https:\/\/schema.org","@graph":[{"@type":"WebPage","@id":"https:\/\/www.refineair.it\/fotocatalisi-e-applicazioni\/luoghi-di-lavoro\/","url":"https:\/\/www.refineair.it\/fotocatalisi-e-applicazioni\/luoghi-di-lavoro\/","name":"Sicurezza sul lavoro - RefineAir - Air Is Life","isPartOf":{"@id":"https:\/\/www.refineair.it\/#website"},"primaryImageOfPage":{"@id":"https:\/\/www.refineair.it\/fotocatalisi-e-applicazioni\/luoghi-di-lavoro\/#primaryimage"},"image":{"@id":"https:\/\/www.refineair.it\/fotocatalisi-e-applicazioni\/luoghi-di-lavoro\/#primaryimage"},"thumbnailUrl":"https:\/\/www.refineair.it\/wp-content\/uploads\/2023\/03\/luogo-di-lavoro.jpg","datePublished":"2021-04-12T13:56:27+00:00","dateModified":"2023-03-16T15:00:19+00:00","description":"RefineAir riduce la trasmissibilit\u00e0 di virus, migliorando la sicurezza nei luoghi di lavoro: un dipendente pi\u00f9 felice \u00e8 pi\u00f9 produttivo!","breadcrumb":{"@id":"https:\/\/www.refineair.it\/fotocatalisi-e-applicazioni\/luoghi-di-lavoro\/#breadcrumb"},"inLanguage":"en-US","potentialAction":[{"@type":"ReadAction","target":["https:\/\/www.refineair.it\/fotocatalisi-e-applicazioni\/luoghi-di-lavoro\/"]}]},{"@type":"ImageObject","inLanguage":"en-US","@id":"https:\/\/www.refineair.it\/fotocatalisi-e-applicazioni\/luoghi-di-lavoro\/#primaryimage","url":"https:\/\/www.refineair.it\/wp-content\/uploads\/2023\/03\/luogo-di-lavoro.jpg","contentUrl":"https:\/\/www.refineair.it\/wp-content\/uploads\/2023\/03\/luogo-di-lavoro.jpg"},{"@type":"BreadcrumbList","@id":"https:\/\/www.refineair.it\/fotocatalisi-e-applicazioni\/luoghi-di-lavoro\/#breadcrumb","itemListElement":[{"@type":"ListItem","position":1,"name":"Home","item":"https:\/\/www.refineair.it\/"},{"@type":"ListItem","position":2,"name":"La Fotocatalisi e La Ionizzazione Bipolare","item":"https:\/\/www.refineair.it\/fotocatalisi-e-applicazioni\/"},{"@type":"ListItem","position":3,"name":"Sicurezza sul lavoro"}]},{"@type":"WebSite","@id":"https:\/\/www.refineair.it\/#website","url":"https:\/\/www.refineair.it\/","name":"RefineAir - Air Is Life","description":"Air is life","publisher":{"@id":"https:\/\/www.refineair.it\/#organization"},"potentialAction":[{"@type":"SearchAction","target":{"@type":"EntryPoint","urlTemplate":"https:\/\/www.refineair.it\/?s={search_term_string}"},"query-input":{"@type":"PropertyValueSpecification","valueRequired":true,"valueName":"search_term_string"}}],"inLanguage":"en-US"},{"@type":"Organization","@id":"https:\/\/www.refineair.it\/#organization","name":"RefineAir","url":"https:\/\/www.refineair.it\/","logo":{"@type":"ImageObject","inLanguage":"en-US","@id":"https:\/\/www.refineair.it\/#\/schema\/logo\/image\/","url":"https:\/\/www.refineair.it\/wp-content\/uploads\/2021\/09\/RefineAir-logo-3.jpg","contentUrl":"https:\/\/www.refineair.it\/wp-content\/uploads\/2021\/09\/RefineAir-logo-3.jpg","width":722,"height":543,"caption":"RefineAir"},"image":{"@id":"https:\/\/www.refineair.it\/#\/schema\/logo\/image\/"},"sameAs":["https:\/\/www.facebook.com\/refineair","https:\/\/www.instagram.com\/refineair","https:\/\/www.linkedin.com\/company\/refineair","https:\/\/www.youtube.com\/channel\/UCBEktQBlw2IcY5zAjRzS_dw"]}]}},"_links":{"self":[{"href":"https:\/\/www.refineair.it\/en\/wp-json\/wp\/v2\/pages\/1553","targetHints":{"allow":["GET"]}}],"collection":[{"href":"https:\/\/www.refineair.it\/en\/wp-json\/wp\/v2\/pages"}],"about":[{"href":"https:\/\/www.refineair.it\/en\/wp-json\/wp\/v2\/types\/page"}],"author":[{"embeddable":true,"href":"https:\/\/www.refineair.it\/en\/wp-json\/wp\/v2\/users\/1"}],"replies":[{"embeddable":true,"href":"https:\/\/www.refineair.it\/en\/wp-json\/wp\/v2\/comments?post=1553"}],"version-history":[{"count":25,"href":"https:\/\/www.refineair.it\/en\/wp-json\/wp\/v2\/pages\/1553\/revisions"}],"predecessor-version":[{"id":5737,"href":"https:\/\/www.refineair.it\/en\/wp-json\/wp\/v2\/pages\/1553\/revisions\/5737"}],"up":[{"embeddable":true,"href":"https:\/\/www.refineair.it\/en\/wp-json\/wp\/v2\/pages\/1533"}],"wp:attachment":[{"href":"https:\/\/www.refineair.it\/en\/wp-json\/wp\/v2\/media?parent=1553"}],"curies":[{"name":"wp","href":"https:\/\/api.w.org\/{rel}","templated":true}]}}