{"id":6154,"date":"2023-03-28T16:11:42","date_gmt":"2023-03-28T14:11:42","guid":{"rendered":"https:\/\/www.refineair.it\/?post_type=product&#038;p=6154"},"modified":"2024-03-15T20:46:20","modified_gmt":"2024-03-15T18:46:20","slug":"home","status":"publish","type":"product","link":"https:\/\/www.refineair.it\/en\/product\/home\/","title":{"rendered":"HOME"},"content":{"rendered":"<p class=\" translation-block\">Made in Italy design, with FSCTM certified wooden elements and a central metal casing with\neco-friendly paint. DustFree technology for active purification. The reaction between a UV-C lamp and a\nTiO2 catalyst<\/p>\n<p class=\" translation-block\">allows to degrade viruses, bacteria, moulds, yeasts, VOCs, PM2.5 and PM10. Exclusive\ndouble filtration: antibacterial titanium dioxide filter and H13 HEPA filter. Innovative sensorboard:\nelectronic board with probes tested by ENEA laboratories for detecting air quality, temperature,\nhumidity, PM 2.5, PM 10 and VOC. <br>\nSpeed I and II: indicates the fan speed. After 8 hours of continuous use the device switches off. <br>\nSleep: LED off and fan at minimum speed | After 3 hours of continuous use the device switches off. <br>\nAuto: the device adjusts itself by varying the fan speed according to the quality of the air present in the\nroom detected by the probes. 6-hour continuous sanitization cycles, followed by an hour of stand-by.<\/p>","protected":false},"excerpt":{"rendered":"<p class=\" translation-block\">Made in Italy design, with FSCTM certified wooden elements and a central metal casing with\neco-friendly paint. DustFree technology for active purification. The reaction between a UV-C lamp and a\nTiO2 catalyst<\/p>\n<p>&nbsp;<\/p>","protected":false},"featured_media":10286,"comment_status":"closed","ping_status":"closed","template":"","meta":{"site-sidebar-layout":"default","site-content-layout":"default","ast-site-content-layout":"default","site-content-style":"default","site-sidebar-style":"default","ast-global-header-display":"","ast-banner-title-visibility":"","ast-main-header-display":"","ast-hfb-above-header-display":"","ast-hfb-below-header-display":"","ast-hfb-mobile-header-display":"","site-post-title":"","ast-breadcrumbs-content":"","ast-featured-img":"","footer-sml-layout":"","theme-transparent-header-meta":"default","adv-header-id-meta":"","stick-header-meta":"","header-above-stick-meta":"","header-main-stick-meta":"","header-below-stick-meta":"","astra-migrate-meta-layouts":"set","ast-page-background-enabled":"default","ast-page-background-meta":{"desktop":{"background-color":"","background-image":"","background-repeat":"repeat","background-position":"center center","background-size":"auto","background-attachment":"scroll","background-type":"","background-media":"","overlay-type":"","overlay-color":"","overlay-gradient":""},"tablet":{"background-color":"","background-image":"","background-repeat":"repeat","background-position":"center center","background-size":"auto","background-attachment":"scroll","background-type":"","background-media":"","overlay-type":"","overlay-color":"","overlay-gradient":""},"mobile":{"background-color":"","background-image":"","background-repeat":"repeat","background-position":"center center","background-size":"auto","background-attachment":"scroll","background-type":"","background-media":"","overlay-type":"","overlay-color":"","overlay-gradient":""}},"ast-content-background-meta":{"desktop":{"background-color":"var(--ast-global-color-5)","background-image":"","background-repeat":"repeat","background-position":"center center","background-size":"auto","background-attachment":"scroll","background-type":"","background-media":"","overlay-type":"","overlay-color":"","overlay-gradient":""},"tablet":{"background-color":"var(--ast-global-color-5)","background-image":"","background-repeat":"repeat","background-position":"center center","background-size":"auto","background-attachment":"scroll","background-type":"","background-media":"","overlay-type":"","overlay-color":"","overlay-gradient":""},"mobile":{"background-color":"var(--ast-global-color-5)","background-image":"","background-repeat":"repeat","background-position":"center center","background-size":"auto","background-attachment":"scroll","background-type":"","background-media":"","overlay-type":"","overlay-color":"","overlay-gradient":""}}},"product_cat":[32],"product_tag":[35],"class_list":{"0":"post-6154","1":"product","2":"type-product","3":"status-publish","4":"has-post-thumbnail","6":"product_cat-prodotti","7":"product_tag-home","8":"product_shipping_class-home","9":"desktop-align-left","10":"tablet-align-left","11":"mobile-align-left","13":"first","14":"instock","15":"taxable","16":"shipping-taxable","17":"purchasable","18":"product-type-simple"},"yoast_head":"<!-- This site is optimized with the Yoast SEO plugin v27.4 - https:\/\/yoast.com\/product\/yoast-seo-wordpress\/ -->\n<title>HOME - RefineAir - Air Is Life<\/title>\n<meta name=\"description\" content=\"Design made in Italy, con elementi in legno certificato FSCTM ed un involucro centrale in metallo convernice eco-friendly. Tecnologia DustFree per la purificazione attiva. La reazione tra una lampada UV-Ced un catalizzatore al TiO2permette di degradare virus, batteri, muffe, lieviti, VOC, PM 2.5 e PM 10.Doppia filtrazione esclusiva: filtro al biossido di titanio antibatterico e Filtro HEPA H13. Innovativasensorboard: scheda elettronica con sonde testate da laboratori ENEA per la rilevazione della qualit\u00e0dell\u2019aria, temperatura, umidit\u00e0, PM 2.5, PM 10 e VOC.Velocit\u00e0 I e II: indica la velocit\u00e0 del ventilatore. Dopo 8 ore di utilizzo in continuo il dispositivo sispegne.Sleep: spegnimento LED e ventilatore alla minima velocit\u00e0 | Dopo 3 ore di utilizzo in continuoil dispositivo si spegne.Auto: il dispositivo si autoregola variando la velocit\u00e0 del ventilatore a seconda della qualit\u00e0 dell\u2019ariapresente in ambiente rilevata dalle sonde. Cicli di sanificazione continui di 6 ore, seguiti da un\u2019 oradi stand-by.\" \/>\n<meta name=\"robots\" content=\"index, follow, max-snippet:-1, max-image-preview:large, max-video-preview:-1\" \/>\n<link rel=\"canonical\" href=\"https:\/\/www.refineair.it\/en\/product\/home\/\" \/>\n<meta property=\"og:locale\" content=\"en_US\" \/>\n<meta property=\"og:type\" content=\"article\" \/>\n<meta property=\"og:title\" content=\"HOME - RefineAir - Air Is Life\" \/>\n<meta property=\"og:description\" content=\"Design made in Italy, con elementi in legno certificato FSCTM ed un involucro centrale in metallo convernice eco-friendly. Tecnologia DustFree per la purificazione attiva. La reazione tra una lampada UV-Ced un catalizzatore al TiO2permette di degradare virus, batteri, muffe, lieviti, VOC, PM 2.5 e PM 10.Doppia filtrazione esclusiva: filtro al biossido di titanio antibatterico e Filtro HEPA H13. Innovativasensorboard: scheda elettronica con sonde testate da laboratori ENEA per la rilevazione della qualit\u00e0dell\u2019aria, temperatura, umidit\u00e0, PM 2.5, PM 10 e VOC.Velocit\u00e0 I e II: indica la velocit\u00e0 del ventilatore. Dopo 8 ore di utilizzo in continuo il dispositivo sispegne.Sleep: spegnimento LED e ventilatore alla minima velocit\u00e0 | Dopo 3 ore di utilizzo in continuoil dispositivo si spegne.Auto: il dispositivo si autoregola variando la velocit\u00e0 del ventilatore a seconda della qualit\u00e0 dell\u2019ariapresente in ambiente rilevata dalle sonde. Cicli di sanificazione continui di 6 ore, seguiti da un\u2019 oradi stand-by.\" \/>\n<meta property=\"og:url\" content=\"https:\/\/www.refineair.it\/en\/product\/home\/\" \/>\n<meta property=\"og:site_name\" content=\"RefineAir - Air Is Life\" \/>\n<meta property=\"article:publisher\" content=\"https:\/\/www.facebook.com\/refineair\" \/>\n<meta property=\"article:modified_time\" content=\"2024-03-15T18:46:20+00:00\" \/>\n<meta property=\"og:image\" content=\"https:\/\/www.refineair.it\/wp-content\/uploads\/2023\/03\/Home-Profilo-2-out-mod-2_out.png\" \/>\n\t<meta property=\"og:image:width\" content=\"1212\" \/>\n\t<meta property=\"og:image:height\" content=\"1196\" \/>\n\t<meta property=\"og:image:type\" content=\"image\/png\" \/>\n<meta name=\"twitter:card\" content=\"summary_large_image\" \/>\n<meta name=\"twitter:label1\" content=\"Est. reading time\" \/>\n\t<meta name=\"twitter:data1\" content=\"1 minute\" \/>\n<script type=\"application\/ld+json\" class=\"yoast-schema-graph\">{\"@context\":\"https:\\\/\\\/schema.org\",\"@graph\":[{\"@type\":\"WebPage\",\"@id\":\"https:\\\/\\\/www.refineair.it\\\/prodotto\\\/home\\\/\",\"url\":\"https:\\\/\\\/www.refineair.it\\\/prodotto\\\/home\\\/\",\"name\":\"HOME - RefineAir - Air Is Life\",\"isPartOf\":{\"@id\":\"https:\\\/\\\/www.refineair.it\\\/#website\"},\"primaryImageOfPage\":{\"@id\":\"https:\\\/\\\/www.refineair.it\\\/prodotto\\\/home\\\/#primaryimage\"},\"image\":{\"@id\":\"https:\\\/\\\/www.refineair.it\\\/prodotto\\\/home\\\/#primaryimage\"},\"thumbnailUrl\":\"https:\\\/\\\/www.refineair.it\\\/wp-content\\\/uploads\\\/2023\\\/03\\\/Home-Profilo-2-out-mod-2_out.png\",\"datePublished\":\"2023-03-28T14:11:42+00:00\",\"dateModified\":\"2024-03-15T18:46:20+00:00\",\"description\":\"Design made in Italy, con elementi in legno certificato FSCTM ed un involucro centrale in metallo convernice eco-friendly. Tecnologia DustFree per la purificazione attiva. La reazione tra una lampada UV-Ced un catalizzatore al TiO2permette di degradare virus, batteri, muffe, lieviti, VOC, PM 2.5 e PM 10.Doppia filtrazione esclusiva: filtro al biossido di titanio antibatterico e Filtro HEPA H13. Innovativasensorboard: scheda elettronica con sonde testate da laboratori ENEA per la rilevazione della qualit\u00e0dell\u2019aria, temperatura, umidit\u00e0, PM 2.5, PM 10 e VOC.Velocit\u00e0 I e II: indica la velocit\u00e0 del ventilatore. Dopo 8 ore di utilizzo in continuo il dispositivo sispegne.Sleep: spegnimento LED e ventilatore alla minima velocit\u00e0 | Dopo 3 ore di utilizzo in continuoil dispositivo si spegne.Auto: il dispositivo si autoregola variando la velocit\u00e0 del ventilatore a seconda della qualit\u00e0 dell\u2019ariapresente in ambiente rilevata dalle sonde. Cicli di sanificazione continui di 6 ore, seguiti da un\u2019 oradi stand-by.\",\"breadcrumb\":{\"@id\":\"https:\\\/\\\/www.refineair.it\\\/prodotto\\\/home\\\/#breadcrumb\"},\"inLanguage\":\"en-US\",\"potentialAction\":[{\"@type\":\"ReadAction\",\"target\":[\"https:\\\/\\\/www.refineair.it\\\/prodotto\\\/home\\\/\"]}]},{\"@type\":\"ImageObject\",\"inLanguage\":\"en-US\",\"@id\":\"https:\\\/\\\/www.refineair.it\\\/prodotto\\\/home\\\/#primaryimage\",\"url\":\"https:\\\/\\\/www.refineair.it\\\/wp-content\\\/uploads\\\/2023\\\/03\\\/Home-Profilo-2-out-mod-2_out.png\",\"contentUrl\":\"https:\\\/\\\/www.refineair.it\\\/wp-content\\\/uploads\\\/2023\\\/03\\\/Home-Profilo-2-out-mod-2_out.png\",\"width\":1212,\"height\":1196},{\"@type\":\"BreadcrumbList\",\"@id\":\"https:\\\/\\\/www.refineair.it\\\/prodotto\\\/home\\\/#breadcrumb\",\"itemListElement\":[{\"@type\":\"ListItem\",\"position\":1,\"name\":\"Home\",\"item\":\"https:\\\/\\\/www.refineair.it\\\/\"},{\"@type\":\"ListItem\",\"position\":2,\"name\":\"Shop\",\"item\":\"https:\\\/\\\/www.refineair.it\\\/negozio\\\/\"},{\"@type\":\"ListItem\",\"position\":3,\"name\":\"HOME\"}]},{\"@type\":\"WebSite\",\"@id\":\"https:\\\/\\\/www.refineair.it\\\/#website\",\"url\":\"https:\\\/\\\/www.refineair.it\\\/\",\"name\":\"RefineAir - Air Is Life\",\"description\":\"Air is life\",\"publisher\":{\"@id\":\"https:\\\/\\\/www.refineair.it\\\/#organization\"},\"potentialAction\":[{\"@type\":\"SearchAction\",\"target\":{\"@type\":\"EntryPoint\",\"urlTemplate\":\"https:\\\/\\\/www.refineair.it\\\/?s={search_term_string}\"},\"query-input\":{\"@type\":\"PropertyValueSpecification\",\"valueRequired\":true,\"valueName\":\"search_term_string\"}}],\"inLanguage\":\"en-US\"},{\"@type\":\"Organization\",\"@id\":\"https:\\\/\\\/www.refineair.it\\\/#organization\",\"name\":\"RefineAir\",\"url\":\"https:\\\/\\\/www.refineair.it\\\/\",\"logo\":{\"@type\":\"ImageObject\",\"inLanguage\":\"en-US\",\"@id\":\"https:\\\/\\\/www.refineair.it\\\/#\\\/schema\\\/logo\\\/image\\\/\",\"url\":\"https:\\\/\\\/www.refineair.it\\\/wp-content\\\/uploads\\\/2021\\\/09\\\/RefineAir-logo-3.jpg\",\"contentUrl\":\"https:\\\/\\\/www.refineair.it\\\/wp-content\\\/uploads\\\/2021\\\/09\\\/RefineAir-logo-3.jpg\",\"width\":722,\"height\":543,\"caption\":\"RefineAir\"},\"image\":{\"@id\":\"https:\\\/\\\/www.refineair.it\\\/#\\\/schema\\\/logo\\\/image\\\/\"},\"sameAs\":[\"https:\\\/\\\/www.facebook.com\\\/refineair\",\"https:\\\/\\\/www.instagram.com\\\/refineair\",\"https:\\\/\\\/www.linkedin.com\\\/company\\\/refineair\",\"https:\\\/\\\/www.youtube.com\\\/channel\\\/UCBEktQBlw2IcY5zAjRzS_dw\"]}]}<\/script>\n<!-- \/ Yoast SEO plugin. -->","yoast_head_json":{"title":"HOME - RefineAir - Air Is Life","description":"Design made in Italy, con elementi in legno certificato FSCTM ed un involucro centrale in metallo convernice eco-friendly. Tecnologia DustFree per la purificazione attiva. La reazione tra una lampada UV-Ced un catalizzatore al TiO2permette di degradare virus, batteri, muffe, lieviti, VOC, PM 2.5 e PM 10.Doppia filtrazione esclusiva: filtro al biossido di titanio antibatterico e Filtro HEPA H13. Innovativasensorboard: scheda elettronica con sonde testate da laboratori ENEA per la rilevazione della qualit\u00e0dell\u2019aria, temperatura, umidit\u00e0, PM 2.5, PM 10 e VOC.Velocit\u00e0 I e II: indica la velocit\u00e0 del ventilatore. Dopo 8 ore di utilizzo in continuo il dispositivo sispegne.Sleep: spegnimento LED e ventilatore alla minima velocit\u00e0 | Dopo 3 ore di utilizzo in continuoil dispositivo si spegne.Auto: il dispositivo si autoregola variando la velocit\u00e0 del ventilatore a seconda della qualit\u00e0 dell\u2019ariapresente in ambiente rilevata dalle sonde. Cicli di sanificazione continui di 6 ore, seguiti da un\u2019 oradi stand-by.","robots":{"index":"index","follow":"follow","max-snippet":"max-snippet:-1","max-image-preview":"max-image-preview:large","max-video-preview":"max-video-preview:-1"},"canonical":"https:\/\/www.refineair.it\/en\/product\/home\/","og_locale":"en_US","og_type":"article","og_title":"HOME - RefineAir - Air Is Life","og_description":"Design made in Italy, con elementi in legno certificato FSCTM ed un involucro centrale in metallo convernice eco-friendly. Tecnologia DustFree per la purificazione attiva. La reazione tra una lampada UV-Ced un catalizzatore al TiO2permette di degradare virus, batteri, muffe, lieviti, VOC, PM 2.5 e PM 10.Doppia filtrazione esclusiva: filtro al biossido di titanio antibatterico e Filtro HEPA H13. Innovativasensorboard: scheda elettronica con sonde testate da laboratori ENEA per la rilevazione della qualit\u00e0dell\u2019aria, temperatura, umidit\u00e0, PM 2.5, PM 10 e VOC.Velocit\u00e0 I e II: indica la velocit\u00e0 del ventilatore. Dopo 8 ore di utilizzo in continuo il dispositivo sispegne.Sleep: spegnimento LED e ventilatore alla minima velocit\u00e0 | Dopo 3 ore di utilizzo in continuoil dispositivo si spegne.Auto: il dispositivo si autoregola variando la velocit\u00e0 del ventilatore a seconda della qualit\u00e0 dell\u2019ariapresente in ambiente rilevata dalle sonde. Cicli di sanificazione continui di 6 ore, seguiti da un\u2019 oradi stand-by.","og_url":"https:\/\/www.refineair.it\/en\/product\/home\/","og_site_name":"RefineAir - Air Is Life","article_publisher":"https:\/\/www.facebook.com\/refineair","article_modified_time":"2024-03-15T18:46:20+00:00","og_image":[{"width":1212,"height":1196,"url":"https:\/\/www.refineair.it\/wp-content\/uploads\/2023\/03\/Home-Profilo-2-out-mod-2_out.png","type":"image\/png"}],"twitter_card":"summary_large_image","twitter_misc":{"Est. reading time":"1 minute"},"schema":{"@context":"https:\/\/schema.org","@graph":[{"@type":"WebPage","@id":"https:\/\/www.refineair.it\/prodotto\/home\/","url":"https:\/\/www.refineair.it\/prodotto\/home\/","name":"HOME - RefineAir - Air Is Life","isPartOf":{"@id":"https:\/\/www.refineair.it\/#website"},"primaryImageOfPage":{"@id":"https:\/\/www.refineair.it\/prodotto\/home\/#primaryimage"},"image":{"@id":"https:\/\/www.refineair.it\/prodotto\/home\/#primaryimage"},"thumbnailUrl":"https:\/\/www.refineair.it\/wp-content\/uploads\/2023\/03\/Home-Profilo-2-out-mod-2_out.png","datePublished":"2023-03-28T14:11:42+00:00","dateModified":"2024-03-15T18:46:20+00:00","description":"Design made in Italy, con elementi in legno certificato FSCTM ed un involucro centrale in metallo convernice eco-friendly. Tecnologia DustFree per la purificazione attiva. La reazione tra una lampada UV-Ced un catalizzatore al TiO2permette di degradare virus, batteri, muffe, lieviti, VOC, PM 2.5 e PM 10.Doppia filtrazione esclusiva: filtro al biossido di titanio antibatterico e Filtro HEPA H13. Innovativasensorboard: scheda elettronica con sonde testate da laboratori ENEA per la rilevazione della qualit\u00e0dell\u2019aria, temperatura, umidit\u00e0, PM 2.5, PM 10 e VOC.Velocit\u00e0 I e II: indica la velocit\u00e0 del ventilatore. Dopo 8 ore di utilizzo in continuo il dispositivo sispegne.Sleep: spegnimento LED e ventilatore alla minima velocit\u00e0 | Dopo 3 ore di utilizzo in continuoil dispositivo si spegne.Auto: il dispositivo si autoregola variando la velocit\u00e0 del ventilatore a seconda della qualit\u00e0 dell\u2019ariapresente in ambiente rilevata dalle sonde. Cicli di sanificazione continui di 6 ore, seguiti da un\u2019 oradi stand-by.","breadcrumb":{"@id":"https:\/\/www.refineair.it\/prodotto\/home\/#breadcrumb"},"inLanguage":"en-US","potentialAction":[{"@type":"ReadAction","target":["https:\/\/www.refineair.it\/prodotto\/home\/"]}]},{"@type":"ImageObject","inLanguage":"en-US","@id":"https:\/\/www.refineair.it\/prodotto\/home\/#primaryimage","url":"https:\/\/www.refineair.it\/wp-content\/uploads\/2023\/03\/Home-Profilo-2-out-mod-2_out.png","contentUrl":"https:\/\/www.refineair.it\/wp-content\/uploads\/2023\/03\/Home-Profilo-2-out-mod-2_out.png","width":1212,"height":1196},{"@type":"BreadcrumbList","@id":"https:\/\/www.refineair.it\/prodotto\/home\/#breadcrumb","itemListElement":[{"@type":"ListItem","position":1,"name":"Home","item":"https:\/\/www.refineair.it\/"},{"@type":"ListItem","position":2,"name":"Shop","item":"https:\/\/www.refineair.it\/negozio\/"},{"@type":"ListItem","position":3,"name":"HOME"}]},{"@type":"WebSite","@id":"https:\/\/www.refineair.it\/#website","url":"https:\/\/www.refineair.it\/","name":"RefineAir - Air Is Life","description":"Air is life","publisher":{"@id":"https:\/\/www.refineair.it\/#organization"},"potentialAction":[{"@type":"SearchAction","target":{"@type":"EntryPoint","urlTemplate":"https:\/\/www.refineair.it\/?s={search_term_string}"},"query-input":{"@type":"PropertyValueSpecification","valueRequired":true,"valueName":"search_term_string"}}],"inLanguage":"en-US"},{"@type":"Organization","@id":"https:\/\/www.refineair.it\/#organization","name":"RefineAir","url":"https:\/\/www.refineair.it\/","logo":{"@type":"ImageObject","inLanguage":"en-US","@id":"https:\/\/www.refineair.it\/#\/schema\/logo\/image\/","url":"https:\/\/www.refineair.it\/wp-content\/uploads\/2021\/09\/RefineAir-logo-3.jpg","contentUrl":"https:\/\/www.refineair.it\/wp-content\/uploads\/2021\/09\/RefineAir-logo-3.jpg","width":722,"height":543,"caption":"RefineAir"},"image":{"@id":"https:\/\/www.refineair.it\/#\/schema\/logo\/image\/"},"sameAs":["https:\/\/www.facebook.com\/refineair","https:\/\/www.instagram.com\/refineair","https:\/\/www.linkedin.com\/company\/refineair","https:\/\/www.youtube.com\/channel\/UCBEktQBlw2IcY5zAjRzS_dw"]}]}},"_links":{"self":[{"href":"https:\/\/www.refineair.it\/en\/wp-json\/wp\/v2\/product\/6154","targetHints":{"allow":["GET"]}}],"collection":[{"href":"https:\/\/www.refineair.it\/en\/wp-json\/wp\/v2\/product"}],"about":[{"href":"https:\/\/www.refineair.it\/en\/wp-json\/wp\/v2\/types\/product"}],"replies":[{"embeddable":true,"href":"https:\/\/www.refineair.it\/en\/wp-json\/wp\/v2\/comments?post=6154"}],"wp:featuredmedia":[{"embeddable":true,"href":"https:\/\/www.refineair.it\/en\/wp-json\/wp\/v2\/media\/10286"}],"wp:attachment":[{"href":"https:\/\/www.refineair.it\/en\/wp-json\/wp\/v2\/media?parent=6154"}],"wp:term":[{"taxonomy":"product_cat","embeddable":true,"href":"https:\/\/www.refineair.it\/en\/wp-json\/wp\/v2\/product_cat?post=6154"},{"taxonomy":"product_tag","embeddable":true,"href":"https:\/\/www.refineair.it\/en\/wp-json\/wp\/v2\/product_tag?post=6154"}],"curies":[{"name":"wp","href":"https:\/\/api.w.org\/{rel}","templated":true}]}}